{"id":30258,"date":"2024-01-15T09:01:27","date_gmt":"2024-01-15T08:01:27","guid":{"rendered":"https:\/\/rimaker3d.com\/services\/"},"modified":"2024-06-29T11:26:55","modified_gmt":"2024-06-29T09:26:55","slug":"services","status":"publish","type":"page","link":"https:\/\/rimaker3d.com\/fr\/services\/","title":{"rendered":"Services"},"content":{"rendered":"\t\t<div data-elementor-type=\"wp-page\" data-elementor-id=\"30258\" class=\"elementor elementor-30258 elementor-29033\" data-elementor-post-type=\"page\">\n\t\t\t\t\t\t<section class=\"elementor-section elementor-top-section elementor-element elementor-element-718c6aac elementor-section-boxed elementor-section-height-default elementor-section-height-default\" data-id=\"718c6aac\" data-element_type=\"section\" data-settings=\"{&quot;background_background&quot;:&quot;classic&quot;}\">\n\t\t\t\t\t\t\t<div class=\"elementor-background-overlay\"><\/div>\n\t\t\t\t\t\t\t<div class=\"elementor-container elementor-column-gap-default\">\n\t\t\t\t\t<div class=\"elementor-column elementor-col-100 elementor-top-column elementor-element elementor-element-66aed2d9\" data-id=\"66aed2d9\" data-element_type=\"column\">\n\t\t\t<div class=\"elementor-widget-wrap elementor-element-populated\">\n\t\t\t\t\t\t<div class=\"elementor-element elementor-element-40cc8f29 elementor-icon-list--layout-inline elementor-align-center elementor-list-item-link-full_width elementor-widget elementor-widget-icon-list\" data-id=\"40cc8f29\" data-element_type=\"widget\" data-widget_type=\"icon-list.default\">\n\t\t\t\t<div class=\"elementor-widget-container\">\n\t\t\t\t\t\t\t<ul class=\"elementor-icon-list-items elementor-inline-items\">\n\t\t\t\t\t\t\t<li class=\"elementor-icon-list-item elementor-inline-item\">\n\t\t\t\t\t\t\t\t\t\t\t<a href=\"https:\/\/rimaker3d.com\/fr\/\">\n\n\t\t\t\t\t\t\t\t\t\t\t<span class=\"elementor-icon-list-text\">Page d'accueil<\/span>\n\t\t\t\t\t\t\t\t\t\t\t<\/a>\n\t\t\t\t\t\t\t\t\t<\/li>\n\t\t\t\t\t\t\t\t<li class=\"elementor-icon-list-item elementor-inline-item\">\n\t\t\t\t\t\t\t\t\t\t\t<span class=\"elementor-icon-list-icon\">\n\t\t\t\t\t\t\t<svg aria-hidden=\"true\" class=\"e-font-icon-svg e-fab-servicestack\" viewBox=\"0 0 496 512\" xmlns=\"http:\/\/www.w3.org\/2000\/svg\"><path d=\"M88 216c81.7 10.2 273.7 102.3 304 232H0c99.5-8.1 184.5-137 88-232zm32-152c32.3 35.6 47.7 83.9 46.4 133.6C249.3 231.3 373.7 321.3 400 448h96C455.3 231.9 222.8 79.5 120 64z\"><\/path><\/svg>\t\t\t\t\t\t<\/span>\n\t\t\t\t\t\t\t\t\t\t<span class=\"elementor-icon-list-text\">Services<\/span>\n\t\t\t\t\t\t\t\t\t<\/li>\n\t\t\t\t\t\t<\/ul>\n\t\t\t\t\t\t<\/div>\n\t\t\t\t<\/div>\n\t\t\t\t<div class=\"elementor-element elementor-element-dded249 elementor-widget elementor-widget-heading\" data-id=\"dded249\" data-element_type=\"widget\" data-widget_type=\"heading.default\">\n\t\t\t\t<div class=\"elementor-widget-container\">\n\t\t\t\t\t<h2 class=\"elementor-heading-title elementor-size-default\">Services<\/h2>\t\t\t\t<\/div>\n\t\t\t\t<\/div>\n\t\t\t\t\t<\/div>\n\t\t<\/div>\n\t\t\t\t\t<\/div>\n\t\t<\/section>\n\t\t<div class=\"elementor-element elementor-element-dfd3c1b e-flex e-con-boxed e-con e-parent\" data-id=\"dfd3c1b\" data-element_type=\"container\" data-settings=\"{&quot;background_background&quot;:&quot;classic&quot;}\">\n\t\t\t\t\t<div class=\"e-con-inner\">\n\t\t\t\t<div class=\"elementor-element elementor-element-b499ca7 elementor-widget elementor-widget-heading\" data-id=\"b499ca7\" data-element_type=\"widget\" data-widget_type=\"heading.default\">\n\t\t\t\t<div class=\"elementor-widget-container\">\n\t\t\t\t\t<h2 class=\"elementor-heading-title elementor-size-default\">NOS SERVICES<\/h2>\t\t\t\t<\/div>\n\t\t\t\t<\/div>\n\t\t\t\t\t<\/div>\n\t\t\t\t<\/div>\n\t\t\t\t<section class=\"elementor-section elementor-top-section elementor-element elementor-element-6fa90199 elementor-section-boxed elementor-section-height-default elementor-section-height-default\" data-id=\"6fa90199\" data-element_type=\"section\" data-settings=\"{&quot;background_background&quot;:&quot;classic&quot;}\">\n\t\t\t\t\t\t<div class=\"elementor-container elementor-column-gap-default\">\n\t\t\t\t\t<div class=\"elementor-column elementor-col-100 elementor-top-column elementor-element elementor-element-1855368c\" data-id=\"1855368c\" data-element_type=\"column\">\n\t\t\t<div class=\"elementor-widget-wrap elementor-element-populated\">\n\t\t\t\t\t\t<section class=\"elementor-section elementor-inner-section elementor-element elementor-element-71aa296f elementor-section-boxed elementor-section-height-default elementor-section-height-default\" data-id=\"71aa296f\" data-element_type=\"section\">\n\t\t\t\t\t\t<div class=\"elementor-container elementor-column-gap-default\">\n\t\t\t\t\t<div class=\"elementor-column elementor-col-25 elementor-inner-column elementor-element elementor-element-2a389485\" data-id=\"2a389485\" data-element_type=\"column\">\n\t\t\t<div class=\"elementor-widget-wrap elementor-element-populated\">\n\t\t\t\t\t\t<div class=\"elementor-element elementor-element-34e6dac3 ekit-equal-height-disable elementor-widget elementor-widget-elementskit-icon-box\" data-id=\"34e6dac3\" data-element_type=\"widget\" data-widget_type=\"elementskit-icon-box.default\">\n\t\t\t\t<div class=\"elementor-widget-container\">\n\t\t\t\t\t<div class=\"ekit-wid-con\" >        <!-- link opening -->\n                <!-- end link opening -->\n\n        <div class=\"elementskit-infobox text-center text- icon-top-align elementor-animation-   \">\n                            <div class=\"elementskit-box-header\">\n                <div class=\"elementskit-info-box-icon \">\n                    <img fetchpriority=\"high\" decoding=\"async\" width=\"512\" height=\"512\" src=\"https:\/\/rimaker3d.com\/wp-content\/uploads\/2024\/04\/imprimante-3d.png\" class=\"attachment- size-\" alt=\"\" srcset=\"https:\/\/rimaker3d.com\/wp-content\/uploads\/2024\/04\/imprimante-3d.png 512w, https:\/\/rimaker3d.com\/wp-content\/uploads\/2024\/04\/imprimante-3d-300x300.png 300w, https:\/\/rimaker3d.com\/wp-content\/uploads\/2024\/04\/imprimante-3d-150x150.png 150w, https:\/\/rimaker3d.com\/wp-content\/uploads\/2024\/04\/imprimante-3d-100x100.png 100w, https:\/\/rimaker3d.com\/wp-content\/uploads\/2024\/04\/imprimante-3d-50x50.png 50w\" sizes=\"(max-width: 512px) 100vw, 512px\" \/>                <\/div>\n          <\/div>\n                <div class=\"box-body\">\n                            <h3 class=\"elementskit-info-box-title\">\n                    SERVICES D&#039;IMPRESSION 3D                <\/h3>\n                        \t\t  \t<p>Nous proposons la meilleure solution et proposons une strat\u00e9gie commerciale qui fait de vous un professionnel \u00e0 part enti\u00e8re.<\/p>\n                                        <div class=\"box-footer disable_hover_button\">\n                    <div class=\"btn-wraper\">\n                                                            <a class=\"elementskit-btn whitespace--normal\" href=\"#\">\n                                                                                D\u00c9COUVRIR                                    <\/a>\n                                                        <\/div>\n                <\/div>\n                    <\/div>\n        \n        \n                <\/div>\n        <\/div>\t\t\t\t<\/div>\n\t\t\t\t<\/div>\n\t\t\t\t\t<\/div>\n\t\t<\/div>\n\t\t\t\t<div class=\"elementor-column elementor-col-25 elementor-inner-column elementor-element elementor-element-42715754\" data-id=\"42715754\" data-element_type=\"column\">\n\t\t\t<div class=\"elementor-widget-wrap elementor-element-populated\">\n\t\t\t\t\t\t<div class=\"elementor-element elementor-element-5b19d4c9 ekit-equal-height-disable elementor-widget elementor-widget-elementskit-icon-box\" data-id=\"5b19d4c9\" data-element_type=\"widget\" data-widget_type=\"elementskit-icon-box.default\">\n\t\t\t\t<div class=\"elementor-widget-container\">\n\t\t\t\t\t<div class=\"ekit-wid-con\" >        <!-- link opening -->\n                <!-- end link opening -->\n\n        <div class=\"elementskit-infobox text-center text- icon-top-align elementor-animation-   \">\n                            <div class=\"elementskit-box-header\">\n                <div class=\"elementskit-info-box-icon \">\n                    <img decoding=\"async\" width=\"512\" height=\"512\" src=\"https:\/\/rimaker3d.com\/wp-content\/uploads\/2024\/04\/outils-de-conception.png\" class=\"attachment- size-\" alt=\"\" srcset=\"https:\/\/rimaker3d.com\/wp-content\/uploads\/2024\/04\/outils-de-conception.png 512w, https:\/\/rimaker3d.com\/wp-content\/uploads\/2024\/04\/outils-de-conception-300x300.png 300w, https:\/\/rimaker3d.com\/wp-content\/uploads\/2024\/04\/outils-de-conception-150x150.png 150w, https:\/\/rimaker3d.com\/wp-content\/uploads\/2024\/04\/outils-de-conception-100x100.png 100w, https:\/\/rimaker3d.com\/wp-content\/uploads\/2024\/04\/outils-de-conception-50x50.png 50w\" sizes=\"(max-width: 512px) 100vw, 512px\" \/>                <\/div>\n          <\/div>\n                <div class=\"box-body\">\n                            <h3 class=\"elementskit-info-box-title\">\n                    CONCEPTION                <\/h3>\n                        \t\t  \t<p>Nous proposons la meilleure solution et proposons une strat\u00e9gie commerciale qui fait de vous un professionnel \u00e0 part enti\u00e8re.<\/p>\n                                        <div class=\"box-footer disable_hover_button\">\n                    <div class=\"btn-wraper\">\n                                                            <a class=\"elementskit-btn whitespace--normal\" href=\"#\">\n                                                                                D\u00c9COUVRIR                                    <\/a>\n                                                        <\/div>\n                <\/div>\n                    <\/div>\n        \n        \n                <\/div>\n        <\/div>\t\t\t\t<\/div>\n\t\t\t\t<\/div>\n\t\t\t\t\t<\/div>\n\t\t<\/div>\n\t\t\t\t<div class=\"elementor-column elementor-col-25 elementor-inner-column elementor-element elementor-element-702741fd\" data-id=\"702741fd\" data-element_type=\"column\">\n\t\t\t<div class=\"elementor-widget-wrap elementor-element-populated\">\n\t\t\t\t\t\t<div class=\"elementor-element elementor-element-6bc78196 ekit-equal-height-disable elementor-widget elementor-widget-elementskit-icon-box\" data-id=\"6bc78196\" data-element_type=\"widget\" data-widget_type=\"elementskit-icon-box.default\">\n\t\t\t\t<div class=\"elementor-widget-container\">\n\t\t\t\t\t<div class=\"ekit-wid-con\" >        <!-- link opening -->\n                <!-- end link opening -->\n\n        <div class=\"elementskit-infobox text-center text- icon-top-align elementor-animation-   \">\n                            <div class=\"elementskit-box-header\">\n                <div class=\"elementskit-info-box-icon \">\n                    <img decoding=\"async\" width=\"512\" height=\"512\" src=\"https:\/\/rimaker3d.com\/wp-content\/uploads\/2024\/04\/selection-de-couleur.png\" class=\"attachment- size-\" alt=\"\" srcset=\"https:\/\/rimaker3d.com\/wp-content\/uploads\/2024\/04\/selection-de-couleur.png 512w, https:\/\/rimaker3d.com\/wp-content\/uploads\/2024\/04\/selection-de-couleur-300x300.png 300w, https:\/\/rimaker3d.com\/wp-content\/uploads\/2024\/04\/selection-de-couleur-150x150.png 150w, https:\/\/rimaker3d.com\/wp-content\/uploads\/2024\/04\/selection-de-couleur-100x100.png 100w, https:\/\/rimaker3d.com\/wp-content\/uploads\/2024\/04\/selection-de-couleur-50x50.png 50w\" sizes=\"(max-width: 512px) 100vw, 512px\" \/>                <\/div>\n          <\/div>\n                <div class=\"box-body\">\n                            <h3 class=\"elementskit-info-box-title\">\n                    IMPRESSION MULTICOLORE                <\/h3>\n                        \t\t  \t<p>Nous proposons la meilleure solution et proposons une strat\u00e9gie commerciale qui fait de vous un professionnel \u00e0 part enti\u00e8re.<\/p>\n                                        <div class=\"box-footer disable_hover_button\">\n                    <div class=\"btn-wraper\">\n                                                            <a class=\"elementskit-btn whitespace--normal\" href=\"#\">\n                                                                                D\u00c9COUVRIR                                    <\/a>\n                                                        <\/div>\n                <\/div>\n                    <\/div>\n        \n        \n                <\/div>\n        <\/div>\t\t\t\t<\/div>\n\t\t\t\t<\/div>\n\t\t\t\t\t<\/div>\n\t\t<\/div>\n\t\t\t\t<div class=\"elementor-column elementor-col-25 elementor-inner-column elementor-element elementor-element-29269b92\" data-id=\"29269b92\" data-element_type=\"column\">\n\t\t\t<div class=\"elementor-widget-wrap elementor-element-populated\">\n\t\t\t\t\t\t<div class=\"elementor-element elementor-element-1a390063 ekit-equal-height-disable elementor-widget elementor-widget-elementskit-icon-box\" data-id=\"1a390063\" data-element_type=\"widget\" data-widget_type=\"elementskit-icon-box.default\">\n\t\t\t\t<div class=\"elementor-widget-container\">\n\t\t\t\t\t<div class=\"ekit-wid-con\" >        <!-- link opening -->\n                <!-- end link opening -->\n\n        <div class=\"elementskit-infobox text-center text- icon-top-align elementor-animation-   \">\n                            <div class=\"elementskit-box-header\">\n                <div class=\"elementskit-info-box-icon \">\n                    <img loading=\"lazy\" decoding=\"async\" width=\"512\" height=\"512\" src=\"https:\/\/rimaker3d.com\/wp-content\/uploads\/2024\/04\/manette.png\" class=\"attachment- size-\" alt=\"\" srcset=\"https:\/\/rimaker3d.com\/wp-content\/uploads\/2024\/04\/manette.png 512w, https:\/\/rimaker3d.com\/wp-content\/uploads\/2024\/04\/manette-300x300.png 300w, https:\/\/rimaker3d.com\/wp-content\/uploads\/2024\/04\/manette-150x150.png 150w, https:\/\/rimaker3d.com\/wp-content\/uploads\/2024\/04\/manette-100x100.png 100w, https:\/\/rimaker3d.com\/wp-content\/uploads\/2024\/04\/manette-50x50.png 50w\" sizes=\"(max-width: 512px) 100vw, 512px\" \/>                <\/div>\n          <\/div>\n                <div class=\"box-body\">\n                            <h3 class=\"elementskit-info-box-title\">\n                    COMMANDES PERSONNALIS\u00c9ES                <\/h3>\n                        \t\t  \t<p>Nous proposons la meilleure solution et proposons une strat\u00e9gie commerciale qui fait de vous un professionnel \u00e0 part enti\u00e8re.<\/p>\n                                        <div class=\"box-footer disable_hover_button\">\n                    <div class=\"btn-wraper\">\n                                                            <a class=\"elementskit-btn whitespace--normal\" href=\"#\">\n                                                                                D\u00c9COUVRIR                                    <\/a>\n                                                        <\/div>\n                <\/div>\n                    <\/div>\n        \n        \n                <\/div>\n        <\/div>\t\t\t\t<\/div>\n\t\t\t\t<\/div>\n\t\t\t\t\t<\/div>\n\t\t<\/div>\n\t\t\t\t\t<\/div>\n\t\t<\/section>\n\t\t\t\t\t<\/div>\n\t\t<\/div>\n\t\t\t\t\t<\/div>\n\t\t<\/section>\n\t\t\t\t<\/div>\n\t\t","protected":false},"excerpt":{"rendered":"<p>Page d&rsquo;accueil Services Services NOS SERVICES SERVICES D&#039;IMPRESSION 3D Nous proposons la meilleure solution et proposons une strat\u00e9gie commerciale qui fait de vous un professionnel \u00e0 part enti\u00e8re. D\u00c9COUVRIR CONCEPTION Nous proposons la meilleure solution et proposons une strat\u00e9gie commerciale qui fait de vous un professionnel \u00e0 part enti\u00e8re. D\u00c9COUVRIR IMPRESSION MULTICOLORE Nous proposons la [&hellip;]<\/p>\n","protected":false},"author":2,"featured_media":0,"parent":0,"menu_order":0,"comment_status":"closed","ping_status":"closed","template":"","meta":{"footnotes":""},"class_list":["post-30258","page","type-page","status-publish","hentry"],"_links":{"self":[{"href":"https:\/\/rimaker3d.com\/fr\/wp-json\/wp\/v2\/pages\/30258"}],"collection":[{"href":"https:\/\/rimaker3d.com\/fr\/wp-json\/wp\/v2\/pages"}],"about":[{"href":"https:\/\/rimaker3d.com\/fr\/wp-json\/wp\/v2\/types\/page"}],"author":[{"embeddable":true,"href":"https:\/\/rimaker3d.com\/fr\/wp-json\/wp\/v2\/users\/2"}],"replies":[{"embeddable":true,"href":"https:\/\/rimaker3d.com\/fr\/wp-json\/wp\/v2\/comments?post=30258"}],"version-history":[{"count":1,"href":"https:\/\/rimaker3d.com\/fr\/wp-json\/wp\/v2\/pages\/30258\/revisions"}],"predecessor-version":[{"id":30259,"href":"https:\/\/rimaker3d.com\/fr\/wp-json\/wp\/v2\/pages\/30258\/revisions\/30259"}],"wp:attachment":[{"href":"https:\/\/rimaker3d.com\/fr\/wp-json\/wp\/v2\/media?parent=30258"}],"curies":[{"name":"wp","href":"https:\/\/api.w.org\/{rel}","templated":true}]}}